{"id":10,"date":"2013-02-26T01:10:52","date_gmt":"2013-02-25T23:10:52","guid":{"rendered":"http:\/\/www.imostar.com\/biblestudent\/?page_id=10"},"modified":"2021-03-12T21:11:04","modified_gmt":"2021-03-12T19:11:04","slug":"10-2","status":"publish","type":"page","link":"https:\/\/www.imostar.com\/biblestudent\/","title":{"rendered":"Willkommen"},"content":{"rendered":"<h3 style=\"text-align: center;\"><a href=\"https:\/\/www.imostar.com\/biblestudent\/wp-content\/uploads\/2013\/02\/platz1.png\"><img loading=\"lazy\" decoding=\"async\" class=\"alignnone size-full wp-image-85\" src=\"https:\/\/www.imostar.com\/biblestudent\/wp-content\/uploads\/2013\/02\/platz1.png\" alt=\"platz1\" width=\"50\" height=\"50\" \/><\/a><\/h3>\n<h4 style=\"text-align: center;\"><b><span style=\"font-family: 'Verdana';\">&#8222;Deshalb, meine Kinder, lasst uns einander lieben:<br \/>\n<\/span><\/b><b><span style=\"font-family: 'Verdana';\">nicht mit leeren Worten, sondern mit tatkr\u00e4ftiger Liebe und in aller Aufrichtigkeit.<br \/>\n<\/span><\/b><b><span style=\"font-family: 'Verdana';\">Daran zeigt es sich, dass Jesus Christus unser Leben bestimmt&#8230;&#8220; <\/span><\/b><span style=\"font-family: 'Verdana';\">&#8211;\u00a0<\/span><span style=\"font-family: 'Verdana';\">1.Joh. 3:18-19 \u00a0(<i>Hoffnung f\u00fcr Alle<\/i>)<\/span><\/h4>\n<p style=\"text-align: justify;\"><a href=\"https:\/\/www.imostar.com\/biblestudent\/wp-content\/uploads\/2013\/02\/platz2.png\"><img loading=\"lazy\" decoding=\"async\" class=\"alignnone size-full wp-image-86\" src=\"https:\/\/www.imostar.com\/biblestudent\/wp-content\/uploads\/2013\/02\/platz2.png\" alt=\"platz2\" width=\"20\" height=\"20\" \/><\/a><\/p>\n<p style=\"text-align: justify;\"><span style=\"font-family: 'Verdana';\">Als Christen m\u00f6chten wir nicht nur Liebe predigen, sondern <em><strong>Liebe leben<\/strong><\/em>. Gott ist Liebe und diese Liebe wurde uns offenbart in Jesus Christus. Wahres Christentum besteht darin, den Weg Christi zu gehen und seine Zeugen zu sein. Er allein ist der WEG, die WAHRHEIT und das LEBEN. Aus diesem Grund m\u00f6chten wir unseren Beitrag dazu leisten, Christus so kennen zu lernen, wie er wirklich ist und es das Buch der Wahrheit &#8211; die Bibel &#8211; zuverl\u00e4ssig \u00fcbermittelt.<\/span><\/p>\n<p style=\"text-align: justify;\"><span style=\"font-family: 'Verdana';\">Unser innigster Wunsch ist es, Ihr Verh\u00e4ltnis zu Ihrem himmlischen Vater zu vertiefen und Antworten auf die vielen Fragen des Lebens anhand der Heiligen Schrift zu geben. Gott ist\u00a0Liebe und ganz und gar kein\u00a0Gott der Rache, wie ihn viele f\u00e4lschlicher Weise darstellen. Er liebt Sie so sehr, dass er f\u00fcr Sie das Liebste was er hat gegeben hat. Lernen Sie ihn so kennen wie er wirklich ist &#8211; voll Liebe, G\u00fcte und Barmherzigkeit &#8211; ein Vater an den man sich jeder Zeit anlehnen kann und der Humor hat.<\/span><\/p>\n<p style=\"text-align: justify;\"><span style=\"font-family: 'Verdana';\">Nutzen Sie den heutigen Tag zum Start in ein inniges Verh\u00e4ltnis zu Ihrem Vater und zu Jesus unserem Freund, F\u00fcrsprecher, Wegbereiter und alleinigen Herrn. Lernen Sie Jesus auf eine f\u00fcr Sie vielleicht ganz neue Art und Weise kennen. Er ist der Weg, die Wahrheit und das Leben, ohne den es keine Errettung gibt.<\/span><\/p>\n<p><span style=\"font-family: 'Verdana';\">\u00a0<\/span><\/p>\n<p><a href=\"https:\/\/www.imostar.com\/biblestudent\/wp-content\/uploads\/2013\/02\/platz1.png\"><img loading=\"lazy\" decoding=\"async\" class=\"alignnone size-full wp-image-85\" src=\"https:\/\/www.imostar.com\/biblestudent\/wp-content\/uploads\/2013\/02\/platz1.png\" alt=\"platz1\" width=\"50\" height=\"50\" \/><\/a><\/p>\n","protected":false},"excerpt":{"rendered":"<p>&#8222;Deshalb, meine Kinder, lasst uns einander lieben: nicht mit leeren Worten, sondern mit tatkr\u00e4ftiger Liebe und in aller Aufrichtigkeit. Daran zeigt es sich, dass Jesus Christus unser Leben bestimmt&#8230;&#8220; &#8211;\u00a01.Joh. 3:18-19 \u00a0(Hoffnung f\u00fcr Alle) Als Christen m\u00f6chten wir nicht nur Liebe predigen, sondern Liebe leben. Gott ist Liebe und diese Liebe wurde uns offenbart in [&hellip;]<\/p>\n","protected":false},"author":1,"featured_media":0,"parent":0,"menu_order":0,"comment_status":"closed","ping_status":"closed","template":"","meta":{"footnotes":""},"class_list":["post-10","page","type-page","status-publish","czr-hentry"],"_links":{"self":[{"href":"https:\/\/www.imostar.com\/biblestudent\/index.php?rest_route=\/wp\/v2\/pages\/10","targetHints":{"allow":["GET"]}}],"collection":[{"href":"https:\/\/www.imostar.com\/biblestudent\/index.php?rest_route=\/wp\/v2\/pages"}],"about":[{"href":"https:\/\/www.imostar.com\/biblestudent\/index.php?rest_route=\/wp\/v2\/types\/page"}],"author":[{"embeddable":true,"href":"https:\/\/www.imostar.com\/biblestudent\/index.php?rest_route=\/wp\/v2\/users\/1"}],"replies":[{"embeddable":true,"href":"https:\/\/www.imostar.com\/biblestudent\/index.php?rest_route=%2Fwp%2Fv2%2Fcomments&post=10"}],"version-history":[{"count":23,"href":"https:\/\/www.imostar.com\/biblestudent\/index.php?rest_route=\/wp\/v2\/pages\/10\/revisions"}],"predecessor-version":[{"id":797,"href":"https:\/\/www.imostar.com\/biblestudent\/index.php?rest_route=\/wp\/v2\/pages\/10\/revisions\/797"}],"wp:attachment":[{"href":"https:\/\/www.imostar.com\/biblestudent\/index.php?rest_route=%2Fwp%2Fv2%2Fmedia&parent=10"}],"curies":[{"name":"wp","href":"https:\/\/api.w.org\/{rel}","templated":true}]}}