{"id":602,"date":"2015-07-29T02:28:50","date_gmt":"2015-07-29T00:28:50","guid":{"rendered":"http:\/\/www.imostar.com\/FBDTest\/?page_id=602"},"modified":"2015-07-30T00:43:52","modified_gmt":"2015-07-29T22:43:52","slug":"das-verborgene-werk-gottes","status":"publish","type":"page","link":"https:\/\/www.imostar.com\/biblestudent\/?page_id=602","title":{"rendered":"Das verborgene Werk Gottes"},"content":{"rendered":"<table border=\"0\" width=\"611\" cellspacing=\"0\" cellpadding=\"0\">\n<tbody>\n<tr>\n<td align=\"left\" valign=\"top\" width=\"279\" height=\"590\">\n<p style=\"text-align: justify;\" align=\"justify\"><strong>\u00a0 D<\/strong>ie Werke Gottes um uns herum sind f\u00fcr alle Menschen sichtbar und doch werden sie von vielen nicht wirklich wahrgenommen. Millionen von Menschen lehnen den Glauben an einen Sch\u00f6pfer ab und bevorzugen die Theorie, alles sei durch Zufall entstanden &#8211; sie sehen und sehen dennoch nicht.<\/p>\n<p style=\"text-align: justify;\"><a href=\"https:\/\/www.imostar.com\/FBDTest\/wp-content\/uploads\/2015\/07\/verborgenes-Werk.jpg\"><img loading=\"lazy\" decoding=\"async\" class=\"alignleft wp-image-601 size-medium\" src=\"https:\/\/www.imostar.com\/FBDTest\/wp-content\/uploads\/2015\/07\/verborgenes-Werk-300x141.jpg\" alt=\"verborgenes Werk\" width=\"300\" height=\"141\" \/><\/a>Es gibt jedoch ein Werk Gottes, das vor den Augen der Welt absichtlich verborgen ist. Dieses Werk ist von vielen Geheimnissen umwoben, wie uns der Apostel Paulus zeigt. Sogar die Engel interessierten sich daf\u00fcr, jedoch auch ihnen blieb es lange Zeit verborgen.<\/p>\n<p style=\"text-align: justify;\"><strong>\u00a0 E<\/strong>ine der ersten Fragen, die uns diesbez\u00fcglich in den Sinn kommt ist, weshalb dieses Werk Gottes Jahrtausende von ihm geheim gehalten wurde. Es betrifft direkt den Plan Gottes mit seiner gesamten Sch\u00f6pfung. Um die Durchf\u00fchrung vor feindlicher Sabotage zu bewahren f\u00fchrte er die gegnerischen himmlischen M\u00e4chte vor.\u00a0Gottes Weisheit &#8211; seine Weitsicht, sein Plan und seine Ausf\u00fchrung &#8211; hat er im Geheimnis verborgen, \u201edie keiner der Obersten dieser Weltzeit erkannt hat &#8211; denn wenn sie sie erkannt h\u00e4tten, so h\u00e4tten sie den Herrn der Herrlichkeit nicht gekreuzigt\u201c und damit seinen Plan durchkreuzt (1. Kor. 2:7,8).<\/p>\n<p style=\"text-align: justify;\"><strong>\u00a0D<\/strong>er Apostel Paulus erhielt die weitgehendsten Offenbarungen, dieses geheime Werk Gottes betreffend, direkt von unserem Herrn Jesus Christus. Wir sehen an ihm die Weisheit, Macht und G\u00fcte Gottes. Dieser heftigste Verfolger Jesu Christi und seiner Gemeinde wurde zum eifrigsten Missio- nar bestimmt. Es war nicht die freie Entscheidung des Paulus \u2013 kein Predigen h\u00e4tte ihn zu Christus \u201ebekehren\u201c k\u00f6nnen. Unser Herr zeigte sein verherrlichtes Wesen als lebendiges Zeugnis an ihm.<\/p>\n<p style=\"text-align: justify;\"><strong>\u00a0 W<\/strong>\u00e4hrend die \u00fcbrigen Apostel Jesus im Fleische kannten und daher gepr\u00e4gt waren, kannte er Jesus ausschlie\u00dflich im Geist. Das Evangelium wurde ihm nicht durch Menschen \u00fcbermittelt, sondern direkt von Christus und somit ohne menschliche F\u00e4rbung. An die Gemeinden in Galatien schrieb er: \u201eIch tue euch aber kund, Br\u00fcder, dass das von mir gepredigte Evangelium nicht von Menschen stammt; ich habe es auch nicht von einem Menschen empfangen noch gelernt, sondern durch eine Offenbarung Jesu Christi\u201c &#8211; Gal. 1:11,12.<\/p>\n<p style=\"text-align: justify;\"><strong>\u00a0 D<\/strong>as geheime Werk Gottes begann nun auch f\u00fcr die Erw\u00e4hlten Gestalt anzunehmen. Die Erw\u00e4hlung zeigte sich immer deutlicher als das souver\u00e4ne Werk Gottes \u2013 nicht Menschen erw\u00e4hlten Gott, sondern er zog diejenigen zu Christus, die er im Voraus dazu bestimmt hatte \u201eund es wurden alle die gl\u00e4ubig, die zum ewigen [richtiger: \u00e4onischem] Leben bestimmt waren\u201c &#8211; Apg. 13:48.<\/p>\n<p style=\"text-align: justify;\"><strong>\u00a0D<\/strong>iese erlebten eine drastische Umgestaltung bereits zu Lebzeiten. Die Geistzeugung mit unsterblichem, g\u00f6ttlichem Samen machte sie zu wahrhaftigen Kindern Gottes. \u201eIst jemand in Christus, so ist er eine neue Sch\u00f6pfung; das Alte ist vergangen; siehe, es ist alles neu geworden!\u201c &#8211; 2. Kor. 5:17.<\/p>\n<p style=\"text-align: justify;\"><strong>\u00a0 D<\/strong>ie Welt erkannte und erkennt auch heute nicht die Auserw\u00e4hlten Gottes, den Leib Christi. Sie k\u00f6nnen mit geistlichen Dingen nichts anfangen und l\u00e4stern \u00fcber alles Heilige. Wie die Juden, die unter dem g\u00f6ttlichen Schleier der Verh\u00fcllung sind, erkennt auch die \u00fcbrige Welt weder ihn, noch die\u00a0Seinen. Johannes schrieb dazu: \u201eSeht, welch eine Liebe hat uns der Vater erwiesen, dass wir Kinder Gottes hei\u00dfen sollen! Darum erkennt uns die Welt nicht, weil sie ihn nicht erkannt hat. Geliebte, wir<\/p>\n<\/td>\n<td width=\"15\" height=\"590\"><\/td>\n<td align=\"left\" valign=\"top\" width=\"279\" height=\"590\">\n<p style=\"text-align: justify;\">sind jetzt Kinder Gottes, und noch ist nicht offenbar geworden, was wir sein werden; wir wissen aber, dass wir ihm gleichgestaltet sein werden, wenn er offenbar werden wird; denn wir werden ihn sehen, wie er ist\u201c &#8211; 1. Joh. 3:1,2.<\/p>\n<p style=\"text-align: justify;\"><strong>\u00a0 T<\/strong>ragischerweise erkennen auch sehr viele religi\u00f6se Menschen heute nicht den Heilsplan Gottes in Christus, da sie von ihren jeweiligen Religionssystemen geblendet und in die Irre gef\u00fchrt werden. Unter dem frommen Anstrich der Religiosit\u00e4t wird ein mit kirchlichen Traditionen und griechisch philosophischem Gedankengut verf\u00e4lschtes Evangelium verk\u00fcndet. Religion wird zum Selbstzweck, es dreht sich prim\u00e4r alles um das eigene errettet sein.<\/p>\n<p style=\"text-align: justify;\"><strong>\u00a0 E<\/strong>in solch \u201eirdisches\u201c Evangelium hat keine Kraft und vermag auch nicht die Fr\u00fcchte in Gl\u00e4ubigen hervorzubringen, die Gott erwartet. Die Erw\u00e4hlung Gottes hat seinen Sinn stattdessen darin, zum Segen anderer zu sein. Deshalb schrieb Paulus den Christen in Ephesus: \u201eWir sind sein Werk, erschaffen in Christus Jesus zu guten Werken, die Gott zuvor bereitet hat, damit wir in ihnen wandeln sollen\u201c &#8211; Eph. 2:10.<\/p>\n<p style=\"text-align: justify;\"><strong>\u00a0 E<\/strong>benso wie in Vorzeiten Israel erw\u00e4hlt wurde, um Gottes Gr\u00f6\u00dfe, Liebe und Gnade sichtbar werden zu lassen und zum Segen f\u00fcr alle Geschlechter der Erde zu werden, bedeutet die Erw\u00e4hlung des Leibes Christi keine selbstherrliche \u00dcberlegenheit \u00fcber die \u00fcbrige Menschheit, sondern birgt in sich den heutigen und zuk\u00fcnftigen Auftrag, zum Segen dieser zu werden. Gerade diejenigen, die von Nichtchristen bel\u00e4chelt sowie teilweise sogar misshandelt und umgebracht werden, werden eben diesen einmal zum Segen werden. Sicherlich wird es ihnen dann wie vielen im ersten Jahrhundert ergehen \u00fcber die Petrus berichtete: \u201eAls sie aber das h\u00f6rten, drang es ihnen durchs Herz, und sie sprachen zu Petrus und den \u00fcbrigen Aposteln: Was sollen wir tun, ihr M\u00e4nner und Br\u00fcder?\u201c &#8211; Apg. 2:37.<\/p>\n<p style=\"text-align: justify;\"><strong>\u00a0 A<\/strong>uch wenn es der Welt heute nicht bewusst ist, so ist ihr Sehnen nach besseren Umst\u00e4nden allgegenw\u00e4rtig. Tief im Inneren versp\u00fcren die meisten Menschen eine Leere und Trauer, die sie mit irdischen Mitteln zu bek\u00e4mpfen suchen, um Erl\u00f6sung davon zu erfahren. Die Gottesferne ist ihnen \u2013 ohne es oftmals als diese zu erkennen \u2013 schmerzlich bewusst.<\/p>\n<p style=\"text-align: justify;\"><strong>\u00a0 P<\/strong>aulus beschrieb diesen Zustand mit den folgenden Worten: \u201eDenn die gespannte Erwartung der Sch\u00f6pfung sehnt die Offenbarung der S\u00f6hne Gottes herbei. Die Sch\u00f6pfung ist n\u00e4mlich der Verg\u00e4nglichkeit unterworfen, nicht freiwillig, sondern durch den, der sie unterworfen hat, auf Hoffnung hin, dass auch die Sch\u00f6pfung selbst befreit werden soll von der Knechtschaft der Sterblichkeit zur Freiheit der Herrlichkeit der Kinder Gottes\u201c &#8211; R\u00f6m. 8:19-21.<\/p>\n<p style=\"text-align: justify;\"><strong>\u00a0 D<\/strong>as verborgene Werk Gottes wird, wenn es nach den \u00e4onischen Gerichten und der bewusst erlebten Gottesferne allen offenbar wird, die Menschheit in Staunen und ehrf\u00fcrchtige Unterw\u00fcrfigkeit versetzen. Dann wird sich der festgesetzte Beschluss Gottes erf\u00fcllen, den er dem Propheten Jesaja mitteilte: \u201eIch habe bei mir geschworen; von meinem Munde geht Wahrheit aus, ein unwiderrufliches Wort: Vor mir wird sich jedes Knie beugen, und jede Zunge wird bei mir schw\u00f6ren und sagen: Nur in Jahwe ist Heil und Kraft! Zu ihm kommen tief besch\u00e4mt alle, die wider ihn geeifert haben\u201c &#8211; Jes. 45:23,24 Herder.<\/p>\n<\/td>\n<\/tr>\n<\/tbody>\n<\/table>\n<p>&nbsp;<\/p>\n","protected":false},"excerpt":{"rendered":"<p>\u00a0 Die Werke Gottes um uns herum sind f\u00fcr alle Menschen sichtbar und doch werden sie von vielen nicht wirklich wahrgenommen. Millionen von Menschen lehnen den Glauben an einen Sch\u00f6pfer ab und bevorzugen die Theorie, alles sei durch Zufall entstanden &#8211; sie sehen und sehen dennoch nicht. Es gibt jedoch ein Werk Gottes, das vor [&hellip;]<\/p>\n","protected":false},"author":1,"featured_media":661,"parent":0,"menu_order":0,"comment_status":"closed","ping_status":"closed","template":"","meta":{"footnotes":""},"class_list":["post-602","page","type-page","status-publish","has-post-thumbnail","czr-hentry"],"_links":{"self":[{"href":"https:\/\/www.imostar.com\/biblestudent\/index.php?rest_route=\/wp\/v2\/pages\/602","targetHints":{"allow":["GET"]}}],"collection":[{"href":"https:\/\/www.imostar.com\/biblestudent\/index.php?rest_route=\/wp\/v2\/pages"}],"about":[{"href":"https:\/\/www.imostar.com\/biblestudent\/index.php?rest_route=\/wp\/v2\/types\/page"}],"author":[{"embeddable":true,"href":"https:\/\/www.imostar.com\/biblestudent\/index.php?rest_route=\/wp\/v2\/users\/1"}],"replies":[{"embeddable":true,"href":"https:\/\/www.imostar.com\/biblestudent\/index.php?rest_route=%2Fwp%2Fv2%2Fcomments&post=602"}],"version-history":[{"count":1,"href":"https:\/\/www.imostar.com\/biblestudent\/index.php?rest_route=\/wp\/v2\/pages\/602\/revisions"}],"predecessor-version":[{"id":663,"href":"https:\/\/www.imostar.com\/biblestudent\/index.php?rest_route=\/wp\/v2\/pages\/602\/revisions\/663"}],"wp:featuredmedia":[{"embeddable":true,"href":"https:\/\/www.imostar.com\/biblestudent\/index.php?rest_route=\/wp\/v2\/media\/661"}],"wp:attachment":[{"href":"https:\/\/www.imostar.com\/biblestudent\/index.php?rest_route=%2Fwp%2Fv2%2Fmedia&parent=602"}],"curies":[{"name":"wp","href":"https:\/\/api.w.org\/{rel}","templated":true}]}}