{"id":631,"date":"2015-07-29T15:30:42","date_gmt":"2015-07-29T13:30:42","guid":{"rendered":"http:\/\/www.imostar.com\/FBDTest\/?page_id=631"},"modified":"2015-07-29T15:30:42","modified_gmt":"2015-07-29T13:30:42","slug":"jesus-der-weg-die-wahrheit-und-das-leben","status":"publish","type":"page","link":"https:\/\/www.imostar.com\/biblestudent\/?page_id=631","title":{"rendered":"Jesus &#8211; der Weg, die Wahrheit und das Leben"},"content":{"rendered":"<table border=\"0\" width=\"611\" cellspacing=\"0\" cellpadding=\"0\">\n<tbody>\n<tr>\n<td align=\"left\" valign=\"top\" width=\"279\" height=\"590\">\n<p style=\"text-align: justify;\"><strong>\u00a0 I<\/strong>m vorigen Artikel wurde Jesus als das Licht der Welt herausgestellt. Er\u00a0ist jedoch noch viel mehr, als nur das Licht, das uns den Weg weist. Nach eigener Aussage ist er zudem selbst der Weg, der Inbegriff der Wahrheit und der Garant f\u00fcr das wahre Leben in g\u00f6ttlicher Harmonie (Joh. 14:6).<\/p>\n<p style=\"text-align: justify;\"><strong>\u00a0 E<\/strong>r ist wie die Heilige Schrift sagt sowohl der Weg zum Vater als auch zum Leben. Er machte seinen Zuh\u00f6rern damals immer wieder deutlich, dass eine seiner Aufgaben darin bestand, ihnen den Vater zu zeigen. Wer den Vater erkennen m\u00f6chte, kommt an Jesus nicht vorbei. Dabei geht es um sehr viel mehr, als nur den historischen Jesus in den Schriften zu studieren. Wenn das allein ausreichen w\u00fcrde, w\u00e4re es eine blo\u00dfe Flei\u00dfarbeit, Jesu Leben zu studieren, analysieren und auf den Vater zu projizieren.<\/p>\n<p style=\"text-align: justify;\"><strong>\u00a0 W<\/strong>er das so versucht, wird ebenso in die Irre gehen wie die Juden zu Jesu Lebzeiten, die sich auf ihren Gott und Vater beriefen, aber von Jesus die ern\u00fcchternde Antwort erhielten, ihr Vater w\u00e4re der Widersacher Gottes, Satan selbst. \u201eWas f\u00fcr eine Frechheit\u201c &#8211; sie waren gekr\u00e4nkt und w\u00fctend! Wie konnte er es wagen ihre Gottesanbetung zu verurteilen? Die Schriftgelehrten und Pharis\u00e4er erforschten eifrig die Heiligen Schriften und versuchten alles ganz genau zu halten. Sie waren Eiferer f\u00fcr Gott, von denen viele in der Aufrichtigkeit ihres Herzens zutiefst von der Richtigkeit Ihrer Religionsaus\u00fcbung \u00fcberzeugt waren.<\/p>\n<p style=\"text-align: justify;\"><strong>\u00a0 S<\/strong>tell dir einmal vor, Jesus h\u00e4tte genau das Gleiche zu dir gesagt. Wie w\u00fcrdest du reagieren? &#8211; Sei jetzt bitte nicht zu vorschnell mit dem Gedanken: \u201eDas h\u00e4tte er zu mir niemals gesagt!\u201c Ist es m\u00f6glich, dass viele Christen von ihrer Religionsaus\u00fcbung zutiefst \u00fcberzeugt sind und sich redlich bem\u00fchen alle Gebote zu halten, aber dennoch nicht den Vater und Jesus Christus erkannt haben? Nur die innere \u00dcberzeugung allein ist keine Gew\u00e4hr, wie uns die Bibel deutlich zeigt. Der Schl\u00fcssel liegt in dem, was Jesus zu seinen J\u00fcngern sagte: \u201eAlles ist mir von meinem Vater \u00fcbergeben worden, und niemand erkennt den Sohn als nur der Vater; und niemand erkennt den Vater als nur der Sohn und der, welchem der Sohn es offenbaren will. Kommt her zu mir alle, die ihr m\u00fchselig und beladen seid, so will ich euch erquicken!\u201c &#8211; Matth. 11:27,28.<\/p>\n<p style=\"text-align: justify;\"><strong>\u00a0 N<\/strong>ur wer ein inniges pers\u00f6nliches Verh\u00e4ltnis zu Jesus Christus hat und zu ihm kommt, hat die M\u00f6glichkeit, dass er ihm gew\u00e4hrt, den Vater zu erkennen. Jesus Christus ist der Schl\u00fcssel \u2013 der Weg \u2013 zur Gotteserkenntnis. Daher legt es der Widersacher Gottes auch darauf an diesen Weg zu verschleiern. \u00dcber verschiedene Methoden versucht er die Wahrheit \u00fcber Jesus Christus durch Religiosit\u00e4t unkenntlich zu machen. Davor warnt der Apostel Paulus auch in seinem Brief an die Gemeinde in Korinth: \u201eWenn aber unser Evangelium verh\u00fcllt ist, so ist es bei denen verh\u00fcllt, die verloren gehen; bei den Ungl\u00e4ubigen, denen der Gott dieser Weltzeit die Sinne verblendet hat, sodass ihnen das helle Licht des Evangeliums von der Herrlichkeit des Christus nicht aufleuchtet, welcher Gottes Ebenbild ist\u201c &#8211; 2. Kor. 4:3,4.<\/p>\n<p style=\"text-align: justify;\"><strong>\u00a0 D<\/strong>ie hier erw\u00e4hnten Ungl\u00e4ubigen sind mitnichten diejenigen Personen, die man hinl\u00e4nglich als Heiden oder Atheisten bezeichnet. Nein darunter befinden sich ebenfalls Millionen Religions-christen, d.h. Personen, die sich als Christen bezeichnen, jedoch keine pers\u00f6nliche Beziehung zu Jesus haben. Durch Manipulation des einen wahren Evangeliums hat Satan viele abgewandelte Evangelium-Klone erschaffen, die heute in vielen Religionen als das wahre Evangelium serviert werden. Bereits ein paar Jahrzehnte nach Jesu Tod hatte er diese durch eifrige Mittelsm\u00e4nner in die Gemeinden eingeschleust, wie wir das dem Brief an die Gemeinde in Galatien entnehmen k\u00f6nnen (Gal. 1:6-9; 3:1-5; 5:7-10). Ebenso f\u00fchren nicht viele Wege zu Gott, wie zunehmend mehr Menschen behaupten. Im Gegenteil, ausschlie\u00dflich Jesus Christus ist der Weg!<\/p>\n<h4 style=\"text-align: justify;\">Was bedeutet es, dass Jesus die Wahrheit ist?<\/h4>\n<p style=\"text-align: justify;\"><a href=\"https:\/\/www.imostar.com\/FBDTest\/wp-content\/uploads\/2015\/07\/Siegel.png\"><img loading=\"lazy\" decoding=\"async\" class=\"alignleft size-thumbnail wp-image-633\" src=\"https:\/\/www.imostar.com\/FBDTest\/wp-content\/uploads\/2015\/07\/Siegel-150x150.png\" alt=\"Siegel\" width=\"150\" height=\"150\" \/><\/a><strong>\u00a0 U<\/strong>nser europ\u00e4isches Denken und Verstehen ist sehr gepr\u00e4gt von der griechischen Kultur und Philosophie. Bevor wir daher auf die Frage der Bedeutung der Wahrheit in Christus eingehen, m\u00fcssen wir die grundlegenden Unterschiede des Verst\u00e4ndnisses \u00fcber Wahrheit eines Hebr\u00e4ers und der sogenannt griechisch-r\u00f6mischen Kultur verstehen. Als Jesus vor Pilatus \u00fcber Wahrheit sprach, stellte dieser die rhetorische Frage mit belustigtem Unterton: \u201eWas ist Wahrheit?\u201c<\/p>\n<p style=\"text-align: justify;\"><strong>\u00a0 I<\/strong>n der griechisch-r\u00f6mischen Kultur war Wahrheit (\u03b1\u0313\u03bb\u03b7\u0301\u03b8\u03b5\u03b9\u03b1 ale\u0304theia) etwas, was aus der Relation des Denkens einer Person und der empirisch beweisbaren Au\u00dfenwelt entstand. Die Natur der Wahrheit war Gegenstand hitziger Debatten der Philosophen. In unserer heutigen Zeit wird im Allgemeinen die Existenz einer objektiven Wahrheit, die von jeglicher Beeinflussung durch die jeweilige Person frei ist, abgelehnt. Man sagt, jeder Mensch habe seine eigene Wahrheit, da jedes Individuum die Au\u00dfenwelt unterschiedlich erf\u00e4hrt und wahrnimmt.<\/p>\n<p style=\"text-align: justify;\"><strong>\u00a0 D<\/strong>er Hebr\u00e4er verstand unter Wahrheit etwas v\u00f6llig anderes. Wahrheit ist im hebr\u00e4ischen Denken keine statische Gr\u00f6\u00dfe wie im griechischen Denken, sondern etwas Dynamisches, Fortschreitendes sich Verwirklichendes.\u00a0Nach hebr\u00e4ischem Verst\u00e4ndnis WAR die Wahrheit nicht, sie WURDE durch das Tun Gottes. Diese wurde sichtbar in 1. Mose 2:3. Dort wird als Abschluss des Sch\u00f6pfungsberichtes von dem ganzen Werk gesprochen, das \u201eGott schuf, als er es machte\u201c &#8211; <em><strong>bara&#8216; elohim la&#8217;asot<\/strong><\/em>. Der jeweils letzte Buchstabe der drei W\u00f6rter bara&#8216; elohim la&#8217;asot zusammengesetzt ergibt das Wort \u05ea\u05dd\u05d0 &#8211; emet, das im Deutschen mit Wahrheit wiedergegeben wird. Daher spricht die j\u00fcdische \u00dcberlieferung von \u05ea\u05dd\u05d0 &#8211; emet, als dem Siegel Gottes &#8211; der Wahrheit.<\/p>\n<p style=\"text-align: justify;\"><strong>\u00a0 E<\/strong>met \u2013 \u05ea\u05dd\u05d0 &#8211; Wahrheit wiederum bildet sich aus dem ersten Buchstaben \u05d0 dem exakten Mittelbuchstaben (14.) \u05dd und dem letzten (28.) Buchstaben des hebr\u00e4ischen Alphabets \u05ea was zeigt, dass die Wahrheit allumfassend ist und vom Anfang ( \u05d0 aleph) bis zum Ende ( \u05ea tav) fortdauert.<\/p>\n<\/td>\n<td width=\"15\" height=\"590\"><\/td>\n<td align=\"left\" valign=\"top\" width=\"279\" height=\"590\">\n<p style=\"text-align: justify;\"><strong><a href=\"https:\/\/www.imostar.com\/FBDTest\/wp-content\/uploads\/2015\/07\/bara-elohim-laasot.png\"><img loading=\"lazy\" decoding=\"async\" class=\"alignleft size-medium wp-image-634\" src=\"https:\/\/www.imostar.com\/FBDTest\/wp-content\/uploads\/2015\/07\/bara-elohim-laasot-300x114.png\" alt=\"bara elohim laasot\" width=\"300\" height=\"114\" \/><\/a>\u00a0D<\/strong>as erinnert uns an Gottes Zusage: \u201eIch verk\u00fcndige von Anfang an das Ende, und von der Vorzeit her, was noch nicht geschehen ist. Ich sage: Mein Ratschluss soll zustandekommen, und alles, was mir gef\u00e4llt, werde ich vollbringen\u201c &#8211; Jes. 46:10.<\/p>\n<p style=\"text-align: justify;\"><strong>\u00a0 E<\/strong>met &#8211; Wahrheit &#8211; steht f\u00fcr die Garantie Gottes, dass alle seine Zusagen und Prophezeiungen zu ihrer vollst\u00e4ndigen Erf\u00fcllung kommen werden und sich somit die Wahrheit fortschreitend verwirklicht. Im letzten Buch der Bibel offenbart sich Jesus Christus: \u201eIch bin das Alpha und das Omega, der Erste und der Letzte, der Anfang und das Ende\u201c &#8211; Offenb. 22:13.<\/p>\n<p style=\"text-align: justify;\"><strong>\u00a0 H<\/strong>ier zeigt sich Jesus als die Erf\u00fcllung von allem, was Gott zugesagt hat. Alle Verhei\u00dfungen Gottes sind in Jesus Christus sowohl \u05d0 aleph als auch \u05ea tav (oder griechisch ausgedr\u00fcckt Alpha und Omega), sie sind in ihm begr\u00fcndet, best\u00e4tigt und erf\u00fcllt. In ihm verwirklicht sich der Wille und Plan Gottes. Daher schrieb Paulus: \u201eDenn der Sohn Gottes, Jesus Christus &#8230; war nicht Ja und Nein, sondern in ihm ist das Ja geschehen. Denn so viele Verhei\u00dfungen Gottes es gibt &#8211; in ihm ist das Ja, und in ihm auch das Amen\u201c &#8211; 2. Kor. 1:19.20.<\/p>\n<p style=\"text-align: justify;\"><strong>\u00a0 J<\/strong>esus Christus ist sowohl das Ja als auch das Amen und damit der Inbegriff, der Ma\u00dfstab und die Garantie der sich fortschreitend offenbarenden Wahrheit.<\/p>\n<h4 style=\"text-align: justify;\">Auf welche Weise ist Jesus das Leben?<\/h4>\n<p style=\"text-align: justify;\"><strong>\u00a0 J<\/strong>esus Christus ist der Garant f\u00fcr das wahre Leben in g\u00f6ttlicher Harmonie. In Johannes 1:4 schreibt Johannes \u00fcber Jesus, dass \u201ein ihm\u201c das Leben war. Wie sein Vater hatte und hat er \u201eLeben in sich selbst\u201c (Joh. 5:26). Wenn wir uns n\u00e4her mit dem griechischen Grundtext besch\u00e4ftigen, werden uns diese Aussagen verst\u00e4ndlich. In beiden vorangegangenen Texten wird im Griechischen das Wort \u201e\u03b6\u03c9\u03b7\u0301 &#8211; zoe\u201c f\u00fcr das Leben in Jesus beschrieben. Das unterscheidet sich deutlich von dem Leben aller Gesch\u00f6pfe die kein \u201e\u03b6\u03c9\u03b7\u0301 &#8211; zoe\u201c sondern \u201e\u03c8\u03c5\u03c7\u03b7\u0301 &#8211; psuche\u201c haben.<\/p>\n<p style=\"text-align: justify;\"><strong>\u00a0 D<\/strong>as Leben aller Gesch\u00f6pfe ist gem\u00e4\u00df der Bibel eingehaucht von Gott und abh\u00e4ngig von ihm. \u201e\u03b6\u03c9\u03b7\u0301 &#8211; zoe\u201c hingegen ist das nicht verliehene Leben, sondern die innewohnende Quelle des Lebens. Gott ist die Quelle dieses Lebens und wie wir zuvor lasen, hat er von Anbeginn an seinem einzig gezeugten Sohn diese Quelle des Lebens \u201eweitervererbt\u201c.<br \/>\nDiese Unterscheidung hilft uns, die Aussage Jesu zu verstehen: \u201eDarum liebt mich der Vater, weil ich mein Leben (\u03c8\u03c5\u03c7\u03b7\u0301 &#8211; psuche ) lasse, damit ich es wieder nehme. Niemand nimmt es von mir, sondern ich lasse es von mir aus. Ich habe Macht, es zu lassen, und habe Macht, es wieder zu nehmen\u201c &#8211; Joh. 10:17,18.<\/p>\n<p style=\"text-align: justify;\"><strong>\u00a0 J<\/strong>esus gab nicht sein \u201e\u03b6\u03c9\u03b7\u0301 &#8211; zoe\u201c, seine in ihm wohnende Quelle des Lebens, sondern sein empfangenes menschliches Leben \u201e\u03c8\u03c5\u03c7\u03b7\u0301 &#8211; psuche\u201c. Daher konnte er auch sagen er habe die Macht das Leben wieder an sich zu nehmen. Durch seinen v\u00f6llig freiwilligen Tod als Opfer und ausgleichende Gerechtigkeit (R\u00f6m. 5:18), erl\u00f6ste er die gesamte Menschheit vom adamischen Fluch. Paulus spezifiziert das in seinem Brief an die Gemeinde in Korinth: \u201eDenn weil der Tod durch einen Menschen kam, so kommt auch die Auferstehung der Toten durch einen Menschen; denn gleichwie in Adam alle sterben, so werden auch in Christus alle lebendig gemacht werden\u201c &#8211; 1. Kor. 15:21,22.<\/p>\n<p style=\"text-align: justify;\"><strong>\u00a0 D<\/strong>ieses \u201elebendig machen \u2013 \u03b6\u03c9\u03bf\u03c0\u03bf\u03b9\u03b5\u0301\u03c9 zo\u0304opoieo\u0304 &#8211; w\u00f6rtlich: beleben\u201c darf nicht gleichgesetzt werden mit dem Leben \u201e\u03b6\u03c9\u03b7\u0301 &#8211; zoe\u201c, das in Christus ist und das er denen gibt, die an ihn glauben. Ebenso wenig bedeutet es lediglich ein Auferwecken der Menschen, auch wenn dieses damit verbunden sein mag.\u2008W\u00e4re das die Aussage des Paulus gewesen, h\u00e4tte er das durch \u201e\u03bd\u03b1\u0301\u03c3\u03c4\u03b1\u03c3\u03b9\u03c2 &#8211; anastasis\u201c und nicht \u201e\u03b6\u03c9\u03bf\u03c0\u03bf\u03b9\u03b5\u0301\u03c9 &#8211; zo\u0304opoieo\u201c ausgedr\u00fcckt. Da diese schriftgem\u00e4\u00dfe Unterscheidung oftmals nicht gemacht wird, kommt es zu den verschiedenen Fehlinterpretationen dieses Textes in der Christenheit.<\/p>\n<p style=\"text-align: justify;\"><strong>\u00a0 D<\/strong>as Leben, das durch Jesu Opfer gem\u00e4\u00df dem Wort Gottes allen Menschen zuteilwird, ist das Leben, das Adam vor seiner Abkehr von Gott besa\u00df. Er hatte kein \u201e\u03b6\u03c9\u03b7\u0301 &#8211; zoe\u201c, sondern ein reines, vollkommenes \u201e\u03c8\u03c5\u03c7\u03b7\u0301 &#8211; psuche\u201c. Dies soll die Grundlage daf\u00fcr sein, dass die \u201ewiederbelebten\u201c Menschen Gott und Christus ohne die Verblendung Satans (2. Kor. 4:4) erkennen k\u00f6nnen in der Zeit, in der Gottes Widersacher f\u00fcr 1.000 Jahre gebunden sein wird, \u201edamit er die Nationen nicht weiter irref\u00fchre\u201c (Offenb. 20:3). Das unsterbliche, ewige Leben \u201e\u03b6\u03c9\u03b7\u0301 &#8211; zoe\u201c jedoch hat Jesus ausschlie\u00dflich denen verhei\u00dfen, die an ihn glauben (Joh. 17:3).<\/p>\n<p style=\"text-align: justify;\"><strong>\u00a0 D<\/strong>ieses Leben ist bereits heute in uns, den Gliedern seines Leibes, Realit\u00e4t: \u201eWahrlich, wahrlich, ich sage euch: Wer mein Wort h\u00f6rt und dem glaubt, der mich gesandt hat, der hat ewiges Leben und kommt nicht ins Gericht, sondern er ist vom Tod zum Leben hindurchgedrungen\u201c &#8211; Joh. 5:24.<\/p>\n<p style=\"text-align: justify;\"><strong>\u00a0 D<\/strong>urch dieses g\u00f6ttliche Leben, das wir durch die Geistzeugung zu Kindern Gottes erhalten haben, hat Satan schon jetzt seine Macht \u00fcber uns verloren. Wir sind fortan nicht mehr Sklaven der S\u00fcnde. Wohl tragen wir diesen Schatz noch in irdenen Gef\u00e4\u00dfen, doch wenn Jesus Christus uns ruft zur Begegnung mit ihm in der Luft, werden wir die volle Entfaltung dieses bereits in uns gelegten Lebens erfahren.<\/p>\n<p style=\"text-align: justify;\"><strong>\u00a0 D<\/strong>ar\u00fcber hinaus ist Jesus bereits heute das universelle Leben, da er als \u201e starker Gott und Ewig Vater\u201c (Jes. 9:5) alles am Leben erh\u00e4lt. Hier erstrahlt seine Liebe, F\u00fcrsorge und sein Interesse an der gesamten Sch\u00f6pfung &#8211; nichts ist ausgenommen. Er hat nicht nur vor Urzeiten alles erschaffen und dann sich selbst \u00fcberlassen, sondern er tr\u00e4gt das All, wie Hebr. 1:3 \u00fcber den Sohn Gottes schreibt: \u201eSeine Herrlichkeit leuchtet aus ihm und sein Wesen ist ihm v\u00f6llig aufgepr\u00e4gt. Durch die Macht seines Wortes tr\u00e4gt er das ganze All. Und nachdem er das Opfer gebracht hat, das von S\u00fcnden reinigt, hat er den Ehrenplatz im Himmel eingenommen, den Platz an der rechten Seite der h\u00f6chsten Majest\u00e4t\u201c &#8211; Ne\u00dc.<\/p>\n<p style=\"text-align: justify;\">Jesus Christus ist wahrhaftig das Leben!<\/p>\n<\/td>\n<\/tr>\n<\/tbody>\n<\/table>\n<p>&nbsp;<\/p>\n","protected":false},"excerpt":{"rendered":"<p>\u00a0 Im vorigen Artikel wurde Jesus als das Licht der Welt herausgestellt. Er\u00a0ist jedoch noch viel mehr, als nur das Licht, das uns den Weg weist. Nach eigener Aussage ist er zudem selbst der Weg, der Inbegriff der Wahrheit und der Garant f\u00fcr das wahre Leben in g\u00f6ttlicher Harmonie (Joh. 14:6). \u00a0 Er ist wie [&hellip;]<\/p>\n","protected":false},"author":1,"featured_media":637,"parent":0,"menu_order":0,"comment_status":"closed","ping_status":"closed","template":"","meta":{"footnotes":""},"class_list":["post-631","page","type-page","status-publish","has-post-thumbnail","czr-hentry"],"_links":{"self":[{"href":"https:\/\/www.imostar.com\/biblestudent\/index.php?rest_route=\/wp\/v2\/pages\/631","targetHints":{"allow":["GET"]}}],"collection":[{"href":"https:\/\/www.imostar.com\/biblestudent\/index.php?rest_route=\/wp\/v2\/pages"}],"about":[{"href":"https:\/\/www.imostar.com\/biblestudent\/index.php?rest_route=\/wp\/v2\/types\/page"}],"author":[{"embeddable":true,"href":"https:\/\/www.imostar.com\/biblestudent\/index.php?rest_route=\/wp\/v2\/users\/1"}],"replies":[{"embeddable":true,"href":"https:\/\/www.imostar.com\/biblestudent\/index.php?rest_route=%2Fwp%2Fv2%2Fcomments&post=631"}],"version-history":[{"count":0,"href":"https:\/\/www.imostar.com\/biblestudent\/index.php?rest_route=\/wp\/v2\/pages\/631\/revisions"}],"wp:featuredmedia":[{"embeddable":true,"href":"https:\/\/www.imostar.com\/biblestudent\/index.php?rest_route=\/wp\/v2\/media\/637"}],"wp:attachment":[{"href":"https:\/\/www.imostar.com\/biblestudent\/index.php?rest_route=%2Fwp%2Fv2%2Fmedia&parent=631"}],"curies":[{"name":"wp","href":"https:\/\/api.w.org\/{rel}","templated":true}]}}